{"id":112,"date":"2014-03-13T16:02:57","date_gmt":"2014-03-13T15:02:57","guid":{"rendered":"http:\/\/mestersegekunnepe.hu\/english\/?page_id=112"},"modified":"2022-07-25T11:04:05","modified_gmt":"2022-07-25T09:04:05","slug":"useful-infos","status":"publish","type":"page","link":"https:\/\/mestersegekunnepe.hu\/english\/useful-infos\/","title":{"rendered":"Useful information"},"content":{"rendered":"<p style=\"text-align: justify;\"><strong><img loading=\"lazy\" decoding=\"async\" width=\"300\" height=\"169\" class=\"alignright size-medium wp-image-4895\" src=\"https:\/\/mestersegekunnepe.hu\/english\/wp-content\/uploads\/2021\/07\/img_04371-300x169.jpg\" alt=\"\" srcset=\"https:\/\/mestersegekunnepe.hu\/english\/wp-content\/uploads\/2021\/07\/img_04371-300x169.jpg 300w, https:\/\/mestersegekunnepe.hu\/english\/wp-content\/uploads\/2021\/07\/img_04371.jpg 600w\" sizes=\"auto, (max-width: 300px) 100vw, 300px\" \/>Ticket information:<\/strong> As part of the State Ceremonies in this year won\u2019t be admission fee for entering the Festival of Folk Arts.<\/p>\n<p style=\"text-align: justify;\"><strong>Opening hours of the Festival of Folk Arts:<\/strong>&nbsp;10.00 AM \u2013 10.00 PM<\/p>\n<p style=\"text-align: justify;\"><strong>The market will be open for public from<\/strong>&nbsp;10.00 AM &nbsp;to 9.00 PM,&nbsp;and you can enjoy the programs of the stages until 10.00 PM.<\/p>\n<p style=\"text-align: justify;\"><strong>Location:<\/strong> T\u00e1ncsics Mih\u00e1ly utca (T\u00e1ncsics Mih\u00e1ly Street), T\u00f3th \u00c1rp\u00e1d s\u00e9t\u00e1ny (T\u00f3th \u00c1rp\u00e1d Promenade), Szenth\u00e1roms\u00e1g park (Holy Trinity Park), Szenth\u00e1roms\u00e1g t\u00e9r (Holy Trinity Square), T\u00e1rnok utca (T\u00e1rnok Street), D\u00edsz t\u00e9r (D\u00edsz Square)<\/p>\n<p style=\"text-align: justify;\"><strong>HOW TO GET THERE, PARKING<\/strong><\/p>\n<p style=\"text-align: justify;\">We would like to draw your attention to public transport opportunities rather than driving to the venue. Prior to the Festival we will constantly update information regarding news on shuttle lines released by the Budapest Transport Centre and also regarding the renovation of the Buda Castle.<\/p>\n<p style=\"text-align: justify;\">Further information&nbsp;<a href=\"https:\/\/kozut.bkkinfo.hu\/\"  target=\"_blank\" rel=\"noopener noreferrer\">website of the Budapest Transport Centre<\/a><\/p>\n","protected":false},"excerpt":{"rendered":"<p>Ticket information: As part of the State Ceremonies in this year won\u2019t be admission fee for entering the Festival of Folk Arts. Opening hours of the Festival of Folk Arts:&nbsp;10.00 AM \u2013 10.00 PM The market will be open for public from&nbsp;10.00 AM &nbsp;to 9.00 PM,&nbsp;and you can enjoy the programs of the stages until&hellip;<\/p>\n","protected":false},"author":3,"featured_media":4010,"parent":0,"menu_order":0,"comment_status":"closed","ping_status":"closed","template":"","meta":{"ngg_post_thumbnail":0,"footnotes":""},"class_list":["post-112","page","type-page","status-publish","has-post-thumbnail","hentry","description-off"],"aioseo_notices":[],"_links":{"self":[{"href":"https:\/\/mestersegekunnepe.hu\/english\/wp-json\/wp\/v2\/pages\/112","targetHints":{"allow":["GET"]}}],"collection":[{"href":"https:\/\/mestersegekunnepe.hu\/english\/wp-json\/wp\/v2\/pages"}],"about":[{"href":"https:\/\/mestersegekunnepe.hu\/english\/wp-json\/wp\/v2\/types\/page"}],"author":[{"embeddable":true,"href":"https:\/\/mestersegekunnepe.hu\/english\/wp-json\/wp\/v2\/users\/3"}],"replies":[{"embeddable":true,"href":"https:\/\/mestersegekunnepe.hu\/english\/wp-json\/wp\/v2\/comments?post=112"}],"version-history":[{"count":2,"href":"https:\/\/mestersegekunnepe.hu\/english\/wp-json\/wp\/v2\/pages\/112\/revisions"}],"predecessor-version":[{"id":5023,"href":"https:\/\/mestersegekunnepe.hu\/english\/wp-json\/wp\/v2\/pages\/112\/revisions\/5023"}],"wp:featuredmedia":[{"embeddable":true,"href":"https:\/\/mestersegekunnepe.hu\/english\/wp-json\/wp\/v2\/media\/4010"}],"wp:attachment":[{"href":"https:\/\/mestersegekunnepe.hu\/english\/wp-json\/wp\/v2\/media?parent=112"}],"curies":[{"name":"wp","href":"https:\/\/api.w.org\/{rel}","templated":true}]}}