{"id":3007,"date":"2015-04-15T22:32:44","date_gmt":"2015-04-15T20:32:44","guid":{"rendered":"http:\/\/mestersegekunnepe.hu\/english\/?page_id=3007"},"modified":"2018-02-26T16:29:26","modified_gmt":"2018-02-26T15:29:26","slug":"participation-of-foreign-masters","status":"publish","type":"page","link":"https:\/\/mestersegekunnepe.hu\/english\/ahfa\/participation-of-foreign-masters\/","title":{"rendered":"Participation of foreign masters"},"content":{"rendered":"<p style=\"text-align: justify;\"><strong>Participation of foreign masters at the Festival of Folk Arts&nbsp;<\/strong><\/p>\n<p style=\"text-align: justify;\"><strong>Conditions of participation:<\/strong><\/p>\n<ul style=\"text-align: justify;\">\n<li>Participant craftsmen should represent the traditional folk art of their country at the highest artistic standard possible and should have interactive craft demonstration where craft permits.<\/li>\n<li>Participation fee: 550 Euro \/ person<\/li>\n<li>Participant craftsmen should send a short CV, website where relevant, and 4-5 photos of their products<\/li>\n<\/ul>\n<p style=\"text-align: justify;\"><strong>Sales<\/strong>: According to current legislation of Hungary,&nbsp; participant shall do administration themselves<\/p>\n<p style=\"text-align: justify;\"><b>The Festival organizers provide:<\/b><\/p>\n<ul style=\"text-align: justify;\">\n<li>Location<\/li>\n<li>Programs<\/li>\n<li>A number of approx. 60,000 visitors<\/li>\n<li>2mx2m&nbsp; lockable wooden house with the following facilities: 2 stalls , 2 adjustable interior shelves, padlock, chair, 6A power<\/li>\n<li>Entrance tickets<\/li>\n<li>Drive in Permit \u2013 for assembling and disassembling<\/li>\n<li>Assistance in booking accommodation and meals \u2013 accommodation and meals will be at the expense of participants<\/li>\n<\/ul>\n<p style=\"text-align: justify;\"><a href=\"https:\/\/mestersegekunnepe.hu\/english\/wp-content\/uploads\/2015\/04\/fahaz-foto.jpg\" ><img loading=\"lazy\" decoding=\"async\" width=\"600\" height=\"450\" class=\"aligncenter size-full wp-image-3010\" src=\"https:\/\/mestersegekunnepe.hu\/english\/wp-content\/uploads\/2015\/04\/fahaz-foto.jpg\" alt=\"Fah\u00e1z fot\u00f3\" srcset=\"https:\/\/mestersegekunnepe.hu\/english\/wp-content\/uploads\/2015\/04\/fahaz-foto.jpg 600w, https:\/\/mestersegekunnepe.hu\/english\/wp-content\/uploads\/2015\/04\/Fah\u00e1z-fot\u00f3-300x225.jpg 300w, https:\/\/mestersegekunnepe.hu\/english\/wp-content\/uploads\/2015\/04\/Fah\u00e1z-fot\u00f3-1024x768.jpg 1024w\" sizes=\"auto, (max-width: 600px) 100vw, 600px\" \/><\/a><\/p>\n<p style=\"text-align: justify;\">Information on the sales in Hungary: The Association of Hungarian Folk Artists, as organizer of the Festival of Folk Arts as in previous years, this year has also the obligation to provide necessary information on sales on the territory of Hungary.<\/p>\n<p style=\"text-align: justify;\"><strong>The conditions are as follow:<\/strong><\/p>\n<p style=\"text-align: justify;\">On the territory of Hungary sales is only possible under the Hungarian tax law: The person\/ s \/ organization who intend to sell shall procure a tax number and shall issue receipts or on customer\u2019s demand an invoices.<\/p>\n<p style=\"text-align: justify;\">For detailed information, please check the English site of www.nav.gov.hu<\/p>\n<p style=\"text-align: justify;\">Person\/s \/ organizations who do not want to administrate for themselves ( the procedure takes 20 to 30 days ) can contact a Hungarian company who undertakes the task related to procuring the necessary devices for selling.<\/p>\n<p style=\"text-align: justify;\"><strong>&nbsp;<\/strong><strong>Contact: <\/strong><\/p>\n<p style=\"text-align: justify;\"><strong>Leitner \u2013 Leitner Tax Ad\u00f3tan\u00e1csad\u00f3 Kft. <\/strong><\/p>\n<p style=\"text-align: justify;\">Jancsa-P\u00e9k Judit<\/p>\n<p style=\"text-align: justify;\">ad\u00f3tan\u00e1csad\u00f3; tax advisor<\/p>\n<p style=\"text-align: justify;\">1027 Budapest, Kap\u00e1s u. 6-12. B\/IV.<\/p>\n<p style=\"text-align: justify;\">email: jancsa-pek.judit@leitnerleitner.hu<\/p>\n<p style=\"text-align: justify;\">tel.: +36 1 279 29 30; +36 1 209 48 74<\/p>\n<p style=\"text-align: justify;\">web: www.leitnerleitner.com<\/p>\n","protected":false},"excerpt":{"rendered":"<p>Participation of foreign masters at the Festival of Folk Arts&nbsp; Conditions of participation: Participant craftsmen should represent the traditional folk art of their country at the highest artistic standard possible and should have interactive craft demonstration where craft permits. Participation fee: 550 Euro \/ person Participant craftsmen should send a short CV, website where relevant,&hellip;<\/p>\n","protected":false},"author":3,"featured_media":4010,"parent":3346,"menu_order":0,"comment_status":"closed","ping_status":"closed","template":"","meta":{"ngg_post_thumbnail":0,"footnotes":""},"class_list":["post-3007","page","type-page","status-publish","has-post-thumbnail","hentry","description-off"],"aioseo_notices":[],"_links":{"self":[{"href":"https:\/\/mestersegekunnepe.hu\/english\/wp-json\/wp\/v2\/pages\/3007","targetHints":{"allow":["GET"]}}],"collection":[{"href":"https:\/\/mestersegekunnepe.hu\/english\/wp-json\/wp\/v2\/pages"}],"about":[{"href":"https:\/\/mestersegekunnepe.hu\/english\/wp-json\/wp\/v2\/types\/page"}],"author":[{"embeddable":true,"href":"https:\/\/mestersegekunnepe.hu\/english\/wp-json\/wp\/v2\/users\/3"}],"replies":[{"embeddable":true,"href":"https:\/\/mestersegekunnepe.hu\/english\/wp-json\/wp\/v2\/comments?post=3007"}],"version-history":[{"count":0,"href":"https:\/\/mestersegekunnepe.hu\/english\/wp-json\/wp\/v2\/pages\/3007\/revisions"}],"up":[{"embeddable":true,"href":"https:\/\/mestersegekunnepe.hu\/english\/wp-json\/wp\/v2\/pages\/3346"}],"wp:featuredmedia":[{"embeddable":true,"href":"https:\/\/mestersegekunnepe.hu\/english\/wp-json\/wp\/v2\/media\/4010"}],"wp:attachment":[{"href":"https:\/\/mestersegekunnepe.hu\/english\/wp-json\/wp\/v2\/media?parent=3007"}],"curies":[{"name":"wp","href":"https:\/\/api.w.org\/{rel}","templated":true}]}}