{"id":3392,"date":"2015-06-07T23:38:44","date_gmt":"2015-06-07T21:38:44","guid":{"rendered":"http:\/\/mestersegekunnepe.hu\/english\/?page_id=3392"},"modified":"2025-08-04T22:25:33","modified_gmt":"2025-08-04T20:25:33","slug":"play-yard","status":"publish","type":"page","link":"https:\/\/mestersegekunnepe.hu\/english\/programs\/play-yard\/","title":{"rendered":"Play-Yard"},"content":{"rendered":"<h4 style=\"text-align: justify;\"><img loading=\"lazy\" decoding=\"async\" class=\" wp-image-5144 aligncenter\" src=\"https:\/\/mestersegekunnepe.hu\/english\/wp-content\/uploads\/2024\/08\/logo-03-300x166-1.png\" alt=\"\" width=\"246\" height=\"136\"><\/h4>\n<p><strong>Date: 17 &#8211; 20 August 2025<\/strong><\/p>\n<p><strong>Location: Buda Castle District, D\u00edsz Square, Soldier&#8217;s Statue<\/strong><\/p>\n<h4 style=\"text-align: justify;\">Programs and games for Children<\/h4>\n<p>&nbsp;<\/p>\n<p style=\"text-align: justify;\">At the Festival of Folk Arts, we put a spotlight on folk crafts. Our folk playhouse is open all day, offering hands-on craft sessions. Under the guidance of our excellent professional instructors, you can create items related to folk costumes and folk jewellery between 10 am and 7 pm. This interactive experience, with the participation and assistance of our current and former students, is a unique opportunity to delve into our rich cultural heritage.<\/p>\n<p style=\"text-align: justify;\">You can make woven bracelets, felted earrings, necklaces, bracelets, and garlands decorated with husk flowers and painted medallions with the tuffled technique, giving a taste of furniture painting and leather jewellery.<\/p>\n<p style=\"text-align: justify;\">In addition, all four days, from 1 pm to 2 pm and from 5 pm to 5.30 pm, the wealth of folk costumes is revealed to us, as we can see exciting folk costume shows and admire the diversity of our folk culture.<\/p>\n<p style=\"text-align: justify;\">The folk puppet theatre and dance to live music make the programme even more varied. The shady square is also ideal for those who enjoy live storytelling. Should you wish to rest in this great bustle, storytellers and beautiful folk music concerts will help you do so.<\/p>\n<p style=\"text-align: justify;\">&nbsp;<\/p>\n<p style=\"text-align: justify;\"><strong>Sunday, 17 August 2025, 10 am to 7.30 pm<\/strong><\/p>\n<p style=\"text-align: justify;\">10 am &#8211; 7 pm&nbsp;&nbsp;&nbsp;&nbsp;&nbsp;<strong>&nbsp; Folk Playhouse,<\/strong> where you can create woven bracelets at the craft tables, is led by Piroska Pint\u00e9r, a carpet weaver and weaving instructor at the Hungarian Heritage House, along with the students from the craft courses at the Hungarian Heritage House.<\/p>\n<p style=\"text-align: justify;\">10 am &#8211; 7 pm&nbsp; &nbsp; &nbsp; &nbsp; &nbsp; &nbsp; Fabatka Porta folk playground<\/p>\n<p style=\"text-align: justify;\">11 am &#8211; 12 pm&nbsp; &nbsp; &nbsp; &nbsp; &nbsp;Julcsi Pa\u00e1r: Round Woods<strong>, a fairy tale concert for the family&nbsp; <\/strong><\/p>\n<p style=\"text-align: justify;\">1 pm &#8211; 2 pm&nbsp; &nbsp; &nbsp; &nbsp; &nbsp; <strong>Folk Costume Show<\/strong> under the title &#8222;Hey, on the meadow of Palota &#8211;&nbsp; living heritage, living community&#8221; presented by the R\u00e1kospalota Heritage Association<\/p>\n<p style=\"text-align: justify;\">2 pm &#8211; 2.15 pm&nbsp; &nbsp; &nbsp; &nbsp; <strong>Live storytelling<\/strong> with S\u00e1ra Kiss, storyteller of the Living Tale Association<\/p>\n<p style=\"text-align: justify;\">3 pm &#8211; 3.30 pm &nbsp;&nbsp;&nbsp;&nbsp;&nbsp; \u00c1lomz\u00fag Company: Beyond the Glass Mount or the Sea-crossing Shoes <strong>puppet show<\/strong><\/p>\n<p style=\"text-align: justify;\">3:40 pm &#8211; 4.45 pm<strong>&nbsp; Dance of the Little Ones<\/strong>, lap games, dance instructions for young and older kids with \u00c1gnes T\u00e1las; music played by Gyula Horv\u00e1th and R\u00f3bert Ker\u00e9nyi<\/p>\n<p style=\"text-align: justify;\">4.45 pm to 5 pm&nbsp; &nbsp; &nbsp; &nbsp;<strong>Live storytelling<\/strong> with S\u00e1ra Kiss, storyteller of the Living Tale Association<\/p>\n<p style=\"text-align: justify;\">5 pm &#8211; 5.30 pm&nbsp; &nbsp; &nbsp;<strong>Folk Costume Show<\/strong> under the title &#8222;Hey, on the meadow of Palota &#8211;&nbsp; living heritage, living community&#8221; presented by the R\u00e1kospalota Heritage Association<\/p>\n<p style=\"text-align: justify;\">6 pm &#8211; 7.30 pm &nbsp;&nbsp;&nbsp;&nbsp;&nbsp; ViGaD Ensemble <strong>folk music concert and instrument show<\/strong><\/p>\n<p style=\"text-align: justify;\">&nbsp;<\/p>\n<p><img loading=\"lazy\" decoding=\"async\" class=\"aligncenter\" src=\"https:\/\/www.mestersegekunnepe.hu\/wp-content\/uploads\/2023\/07\/MU22_393-300x200.jpg\" width=\"416\" height=\"277\"><\/p>\n<p>&nbsp;<\/p>\n<p><strong>Monday, 18 August 2025, 10 am to 7.30 pm<\/strong><\/p>\n<p>10 am &#8211; 7 pm&nbsp;&nbsp;&nbsp;&nbsp;&nbsp;&nbsp;&nbsp;&nbsp;&nbsp;&nbsp; <strong>Folk Playhouse<\/strong>, where you can create felt bracelets, necklaces, and earrings at the craft tables, is led by Bea N\u00e9meth, felt maker and instructor at the Hungarian Heritage House, alongside the students of the craft courses at the Hungarian Heritage House.<\/p>\n<p>10 am &#8211; 7 pm&nbsp;&nbsp;&nbsp;&nbsp;&nbsp;&nbsp;&nbsp;&nbsp;&nbsp;&nbsp; Fabatka Porta folk playground<\/p>\n<p>11 am &#8211; 12 pm&nbsp;&nbsp;&nbsp;&nbsp;&nbsp;&nbsp;&nbsp;&nbsp; Szilvia Bogn\u00e1r: Bedspread and Pillow <strong>interactive family concert<\/strong><\/p>\n<p>1 pm &#8211; 2 pm&nbsp;&nbsp;&nbsp;&nbsp;&nbsp;&nbsp;&nbsp;&nbsp;&nbsp;&nbsp;&nbsp;&nbsp; \u201cPipiske or Bukor?\u201d The vast array of the folk costumes of the Galga region&nbsp;<\/p>\n<p>2 pm &#8211; 2.15 pm&nbsp;&nbsp;&nbsp;&nbsp;&nbsp;&nbsp; <strong>Live storytelling<\/strong> Judit Mucza, the storyteller of the Living Tale Association<\/p>\n<p>3 pm &#8211; 3.30 pm &nbsp;&nbsp;&nbsp;&nbsp;&nbsp; Zirano Theatre: Pulcinella gardening <strong>puppet show<\/strong><\/p>\n<p>3:40 pm &#8211; 4.45 pm <strong>Dance of the Little Ones<\/strong>, lap games, dance instructions for young and older kids with Zsuzsanna Kov\u00e1cs; music played by the Aranyalma Duo<\/p>\n<p>4.45 pm &#8211; 5 pm &nbsp;&nbsp;&nbsp;&nbsp;&nbsp; <strong>Live storytelling<\/strong> Judit Mucza, the storyteller of the Living Tale Association<\/p>\n<p>5 pm &#8211; 5.30 pm &nbsp;&nbsp;&nbsp;&nbsp;&nbsp; Pipiske or Bukor? The vast array of the folk costumes of the Galga region with Gerg\u0151 T\u00f3th<\/p>\n<p>6 pm &#8211; 7.30 pm &nbsp;&nbsp;&nbsp;&nbsp;&nbsp; 3B Band <strong>folk music concert, <\/strong>sing-along and instrument show<\/p>\n<p style=\"text-align: justify;\">&nbsp;<\/p>\n<p style=\"text-align: justify;\">&nbsp;<\/p>\n<p><img loading=\"lazy\" decoding=\"async\" class=\"aligncenter\" src=\"https:\/\/www.mestersegekunnepe.hu\/wp-content\/uploads\/2023\/07\/MU22_105-300x200.jpg\" width=\"415\" height=\"276\"><\/p>\n<p><strong>&nbsp;<\/strong><\/p>\n<p><strong>Tuesday, 19 August 2025, 10 am to 7.30 pm<\/strong><\/p>\n<p style=\"text-align: justify;\">10 am &#8211; 2.30 pm&nbsp;&nbsp;&nbsp;&nbsp; <strong>Folk Playhouse<\/strong>, where you can create mat-woven headbands adorned with husk flowers at the craft tables, led by Mara B\u00e1r\u00e1ny, an instructor at the Hungarian Heritage House alongside the students from the craft courses of the Hungarian Heritage House.<\/p>\n<p>2.30 pm &#8211; 7 pm<strong> &nbsp;&nbsp;&nbsp;&nbsp;&nbsp; &nbsp;Folk Playhouse<\/strong>, where you can create wicker windmills at the craft tables, guided by Zolt\u00e1n Kov\u00e1cs, a basket-weaving folk artist based in J\u00e1roksz\u00e1ll\u00e1s, and the students from the craft courses of the Hungarian Heritage House.<\/p>\n<p>10 am &#8211; 7 pm&nbsp;&nbsp;&nbsp;&nbsp;&nbsp;&nbsp;&nbsp;&nbsp;&nbsp;&nbsp; Fabatka Porta folk playground<\/p>\n<p>11 am &#8211; 12 pm&nbsp;&nbsp;&nbsp;&nbsp;&nbsp;&nbsp;&nbsp;&nbsp; Kl\u00e1risok Band: Walking in the Skye<strong>, a fairy tale concert for the family&nbsp; <\/strong><\/p>\n<p>1 pm &#8211; 2 pm&nbsp;&nbsp;&nbsp;&nbsp;&nbsp;&nbsp;&nbsp;&nbsp;&nbsp;&nbsp;&nbsp;&nbsp; <strong>Folk costume show<\/strong> &#8222;Land of Iasi&#8221; presented by the J\u00e1szs\u00e1g Folk Art Workshop Association and the J\u00e1szt\u00e1ncosok dance ensemble.<\/p>\n<p>2 pm &#8211; 2.15 pm&nbsp;&nbsp;&nbsp;&nbsp;&nbsp;&nbsp; <strong>Live storytelling<\/strong> with Kata Kert\u00e9sz, storyteller of the Living Tale Association<\/p>\n<p>3 pm &#8211; 3.30 pm&nbsp;&nbsp;&nbsp;&nbsp;&nbsp;&nbsp; M\u00e1rkus Theatre: Prince Laci <strong>Puppet<\/strong> <strong>Show<\/strong><\/p>\n<p>3:40 pm &#8211; 4.45 pm <strong>Dance of the Little Ones<\/strong>, lap games, dance instructions for young and older kids with Andrea Szer\u00e9nyi; music played by Krist\u00f3f Gundy and Tam\u00e1s Czir\u00f3k<\/p>\n<p>4.45 pm &#8211; 5 pm &nbsp;&nbsp;&nbsp;&nbsp;&nbsp; <strong>Live storytelling<\/strong> with Kata Kert\u00e9sz, storyteller of the Living Tale Association<\/p>\n<p>5 pm &#8211; 5.30 pm &nbsp;&nbsp;&nbsp;&nbsp;&nbsp; <strong>Folk costume show<\/strong> &#8222;Land of Iasi&#8221; presented by the J\u00e1szs\u00e1g Folk Art Workshop Association and the J\u00e1szt\u00e1ncosok dance ensemble.<\/p>\n<p>6 pm &#8211; 7.30 pm &nbsp;&nbsp;&nbsp;&nbsp;&nbsp; <strong>Folk music concert, <\/strong>with a sing-along and instrument show with Sarj\u00fa Band and Anita Vrencs\u00e1n<\/p>\n<p style=\"text-align: justify;\">&nbsp;<\/p>\n<p style=\"text-align: justify;\">&nbsp;<\/p>\n<p><img loading=\"lazy\" decoding=\"async\" class=\"aligncenter\" src=\"https:\/\/www.mestersegekunnepe.hu\/wp-content\/uploads\/2023\/07\/MU22_289-300x200.jpg\" width=\"429\" height=\"286\"><\/p>\n<p><strong>&nbsp;<\/strong><\/p>\n<p><strong>Wednesday, 20 August 2025, 10 am to 7.30 pm<\/strong><\/p>\n<p>10 am &#8211; 2.30 pm&nbsp;&nbsp;&nbsp;&nbsp; <strong>Folk playhouse<\/strong>, where you can create tuffled jewellery adorned with patterns from Ki\u00e9te and Rakacaszend at the craft tables, led by Vir\u00e1g Csiki, furniture painter alongside the students from the craft courses of the Hungarian Heritage House.<\/p>\n<p>2.30 pm &#8211; 7 pm&nbsp;&nbsp;&nbsp;&nbsp;&nbsp;&nbsp; <strong>Folk playhouse<\/strong>, where you can create leather jewellery at the craft tables, led by Vir\u00e1g R\u00e1k\u00f3czi, a folk artist, alongside the Hungarian Heritage House craft courses students.<\/p>\n<p>10 am &#8211; 7 pm &nbsp;&nbsp;&nbsp;&nbsp;&nbsp;&nbsp;&nbsp;&nbsp;&nbsp; Fabatka Porta folk playground<\/p>\n<p>11 am &#8211; 12 pm&nbsp;&nbsp;&nbsp;&nbsp;&nbsp;&nbsp;&nbsp;&nbsp; Bahorka Company: Mysterious Lake Balaton, <strong>a fairy-tale concert for the family<\/strong><\/p>\n<p>1 pm &#8211; 2 pm&nbsp;&nbsp;&nbsp;&nbsp;&nbsp;&nbsp;&nbsp;&nbsp;&nbsp;&nbsp;&nbsp;&nbsp; &#8222;From Girl to Woman&#8230;&#8221; <strong>folk costume show<\/strong> from M\u00e9ra with Eszter Pitlik-Sipos and Henrietta Maksa<\/p>\n<p>2 pm &#8211; 2.15 pm&nbsp;&nbsp;&nbsp;&nbsp;&nbsp;&nbsp; <strong>Live storytelling<\/strong> with \u00c9va F\u00e1bi\u00e1n, storyteller of the Living Tale Association<\/p>\n<p>3 pm &#8211; 3.30 pm &nbsp;&nbsp;&nbsp;&nbsp;&nbsp; Laszl\u00f3 Guly\u00e1s &#8211; itinerant musician: Matthias tales <strong>puppet show<\/strong><\/p>\n<p>3:40 pm &#8211; 4.45 pm <strong>Dance of the Little Ones<\/strong>, lap games, dance instructions for young and older kids with Anna K\u00f6rtv\u00e9lyesi, music played by Botond Bese and P\u00e9ter Lipt\u00e1k<\/p>\n<p>4.45 pm &#8211; 5 pm&nbsp;&nbsp;&nbsp;&nbsp;&nbsp;&nbsp; <strong>Live storytelling<\/strong> with \u00c9va F\u00e1bi\u00e1n, storyteller of the Living Tale Association<\/p>\n<p>5 pm &#8211; 5.30 pm &nbsp;&nbsp;&nbsp;&nbsp;&nbsp; &#8222;Mini&#8221; Wedding Dresses <strong>folk costume show<\/strong> with Eszter Pitlik-Sipos and Henrietta Maksa<\/p>\n<p>6 pm &#8211; 7.30 pm &nbsp;&nbsp;&nbsp;&nbsp;&nbsp; Penget\u0151s Trio <strong>folk music concert, <\/strong>with sing-along and instrument show<\/p>\n<p style=\"text-align: justify;\">&nbsp;<\/p>\n<p style=\"text-align: justify;\"><strong> <img loading=\"lazy\" decoding=\"async\" class=\"\" src=\"https:\/\/www.mestersegekunnepe.hu\/wp-content\/uploads\/2023\/07\/MU22_027-300x200.jpg\" width=\"353\" height=\"235\"><img loading=\"lazy\" decoding=\"async\" class=\"alignright\" src=\"https:\/\/www.mestersegekunnepe.hu\/wp-content\/uploads\/2023\/07\/MU22_286-300x200.jpg\" width=\"353\" height=\"235\"><\/strong><\/p>\n<p>&nbsp;<\/p>\n","protected":false},"excerpt":{"rendered":"<p>Date: 17 &#8211; 20 August 2025 Location: Buda Castle District, D\u00edsz Square, Soldier&#8217;s Statue Programs and games for Children &nbsp; At the Festival of Folk Arts, we put a spotlight on folk crafts. Our folk playhouse is open all day, offering hands-on craft sessions. Under the guidance of our excellent professional instructors, you can create&hellip;<\/p>\n","protected":false},"author":3,"featured_media":4013,"parent":116,"menu_order":0,"comment_status":"closed","ping_status":"closed","template":"","meta":{"ngg_post_thumbnail":0,"footnotes":""},"class_list":["post-3392","page","type-page","status-publish","has-post-thumbnail","hentry","description-off"],"aioseo_notices":[],"_links":{"self":[{"href":"https:\/\/mestersegekunnepe.hu\/english\/wp-json\/wp\/v2\/pages\/3392","targetHints":{"allow":["GET"]}}],"collection":[{"href":"https:\/\/mestersegekunnepe.hu\/english\/wp-json\/wp\/v2\/pages"}],"about":[{"href":"https:\/\/mestersegekunnepe.hu\/english\/wp-json\/wp\/v2\/types\/page"}],"author":[{"embeddable":true,"href":"https:\/\/mestersegekunnepe.hu\/english\/wp-json\/wp\/v2\/users\/3"}],"replies":[{"embeddable":true,"href":"https:\/\/mestersegekunnepe.hu\/english\/wp-json\/wp\/v2\/comments?post=3392"}],"version-history":[{"count":3,"href":"https:\/\/mestersegekunnepe.hu\/english\/wp-json\/wp\/v2\/pages\/3392\/revisions"}],"predecessor-version":[{"id":5083,"href":"https:\/\/mestersegekunnepe.hu\/english\/wp-json\/wp\/v2\/pages\/3392\/revisions\/5083"}],"up":[{"embeddable":true,"href":"https:\/\/mestersegekunnepe.hu\/english\/wp-json\/wp\/v2\/pages\/116"}],"wp:featuredmedia":[{"embeddable":true,"href":"https:\/\/mestersegekunnepe.hu\/english\/wp-json\/wp\/v2\/media\/4013"}],"wp:attachment":[{"href":"https:\/\/mestersegekunnepe.hu\/english\/wp-json\/wp\/v2\/media?parent=3392"}],"curies":[{"name":"wp","href":"https:\/\/api.w.org\/{rel}","templated":true}]}}