{"id":4971,"date":"2022-02-15T20:12:35","date_gmt":"2022-02-15T19:12:35","guid":{"rendered":"https:\/\/mestersegekunnepe.hu\/english\/?page_id=4971"},"modified":"2022-02-16T00:08:06","modified_gmt":"2022-02-15T23:08:06","slug":"impressum","status":"publish","type":"page","link":"https:\/\/mestersegekunnepe.hu\/english\/impressum\/","title":{"rendered":"Impressum"},"content":{"rendered":"<p><strong>1. AZ \u00dcZEMELTET\u0150 ADATAI<\/strong><br \/>\nAz \u00fczemeltet\u0151 neve: &#8230;&#8230;&#8230;&#8230;&#8230;.<br \/>\nAz \u00fczemeltet\u0151 r\u00f6vid\u00edtett neve: &#8230;&#8230;&#8230;&#8230;&#8230;.<br \/>\nAz \u00fczemeltet\u0151 sz\u00e9khelye: &#8230;&#8230;&#8230;&#8230;&#8230;.<br \/>\nAz \u00fczemeltet\u0151 postac\u00edme: &#8230;&#8230;&#8230;&#8230;&#8230;.<br \/>\nAz \u00fczemeltet\u0151 c\u00e9gb\u00edr\u00f3s\u00e1gi bejegyz\u00e9si sz\u00e1ma: &#8230;&#8230;&#8230;&#8230;&#8230;.<br \/>\nAz \u00fczemeltet\u0151 ad\u00f3sz\u00e1ma: &#8230;&#8230;&#8230;&#8230;&#8230;.<br \/>\nAz \u00fczemeltet\u0151 EU ad\u00f3sz\u00e1ma: &#8230;&#8230;&#8230;&#8230;&#8230;.<br \/>\nAz \u00fczemeltet\u0151 kamarai nyilv\u00e1ntart\u00e1si sz\u00e1ma: &#8230;&#8230;&#8230;&#8230;&#8230;.<\/p>\n<p>Az \u00fczemeltet\u0151 banksz\u00e1mlasz\u00e1ma: &#8230;&#8230;&#8230;&#8230;&#8230;.<br \/>\nIBAN sz\u00e1m: &#8230;&#8230;&#8230;&#8230;&#8230;.<br \/>\nBIC (SWIFT): &#8230;&#8230;&#8230;&#8230;&#8230;.<\/p>\n<p><strong>2. AZ \u00dcZEMELTET\u0150 EL\u00c9RHET\u0150S\u00c9GE<\/strong><br \/>\n\u00dcgyf\u00e9lszolg\u00e1lat: &#8230;&#8230;&#8230;&#8230;&#8230;.<br \/>\nTelefon: &#8230;&#8230;&#8230;&#8230;&#8230;.<br \/>\nMobiltelefon: &#8230;&#8230;&#8230;&#8230;&#8230;.<br \/>\ne-mail: &#8230;&#8230;&#8230;&#8230;&#8230;.<\/p>\n<p><strong>3. AZ \u00dcZEMELTET\u0150 WEBOLDAL\u00c1NAK T\u00c1RHELYSZOLG\u00c1LTAT\u00d3JA<\/strong><br \/>\nA weboldalak t\u00e1rhelyszolg\u00e1ltat\u00f3ja a &#8230;&#8230;&#8230;&#8230;&#8230;. (sz\u00e9khely: &#8230;&#8230;&#8230;&#8230;&#8230;., telefon: &#8230;&#8230;&#8230;&#8230;&#8230;., e-mail: &#8230;&#8230;&#8230;&#8230;&#8230;.).<\/p>\n","protected":false},"excerpt":{"rendered":"<p>1. AZ \u00dcZEMELTET\u0150 ADATAI Az \u00fczemeltet\u0151 neve: &#8230;&#8230;&#8230;&#8230;&#8230;. Az \u00fczemeltet\u0151 r\u00f6vid\u00edtett neve: &#8230;&#8230;&#8230;&#8230;&#8230;. Az \u00fczemeltet\u0151 sz\u00e9khelye: &#8230;&#8230;&#8230;&#8230;&#8230;. Az \u00fczemeltet\u0151 postac\u00edme: &#8230;&#8230;&#8230;&#8230;&#8230;. Az \u00fczemeltet\u0151 c\u00e9gb\u00edr\u00f3s\u00e1gi bejegyz\u00e9si sz\u00e1ma: &#8230;&#8230;&#8230;&#8230;&#8230;. Az \u00fczemeltet\u0151 ad\u00f3sz\u00e1ma: &#8230;&#8230;&#8230;&#8230;&#8230;. Az \u00fczemeltet\u0151 EU ad\u00f3sz\u00e1ma: &#8230;&#8230;&#8230;&#8230;&#8230;. Az \u00fczemeltet\u0151 kamarai nyilv\u00e1ntart\u00e1si sz\u00e1ma: &#8230;&#8230;&#8230;&#8230;&#8230;. Az \u00fczemeltet\u0151 banksz\u00e1mlasz\u00e1ma: &#8230;&#8230;&#8230;&#8230;&#8230;. IBAN sz\u00e1m: &#8230;&#8230;&#8230;&#8230;&#8230;. BIC (SWIFT): &#8230;&#8230;&#8230;&#8230;&#8230;. 2. AZ \u00dcZEMELTET\u0150&hellip;<\/p>\n","protected":false},"author":3,"featured_media":0,"parent":0,"menu_order":0,"comment_status":"closed","ping_status":"closed","template":"","meta":{"ngg_post_thumbnail":0,"footnotes":""},"class_list":["post-4971","page","type-page","status-publish","hentry","description-off"],"aioseo_notices":[],"_links":{"self":[{"href":"https:\/\/mestersegekunnepe.hu\/english\/wp-json\/wp\/v2\/pages\/4971","targetHints":{"allow":["GET"]}}],"collection":[{"href":"https:\/\/mestersegekunnepe.hu\/english\/wp-json\/wp\/v2\/pages"}],"about":[{"href":"https:\/\/mestersegekunnepe.hu\/english\/wp-json\/wp\/v2\/types\/page"}],"author":[{"embeddable":true,"href":"https:\/\/mestersegekunnepe.hu\/english\/wp-json\/wp\/v2\/users\/3"}],"replies":[{"embeddable":true,"href":"https:\/\/mestersegekunnepe.hu\/english\/wp-json\/wp\/v2\/comments?post=4971"}],"version-history":[{"count":1,"href":"https:\/\/mestersegekunnepe.hu\/english\/wp-json\/wp\/v2\/pages\/4971\/revisions"}],"predecessor-version":[{"id":4973,"href":"https:\/\/mestersegekunnepe.hu\/english\/wp-json\/wp\/v2\/pages\/4971\/revisions\/4973"}],"wp:attachment":[{"href":"https:\/\/mestersegekunnepe.hu\/english\/wp-json\/wp\/v2\/media?parent=4971"}],"curies":[{"name":"wp","href":"https:\/\/api.w.org\/{rel}","templated":true}]}}