{"id":5313,"date":"2025-07-15T11:17:36","date_gmt":"2025-07-15T09:17:36","guid":{"rendered":"https:\/\/mestersegekunnepe.hu\/english\/?page_id=5313"},"modified":"2025-07-15T11:17:36","modified_gmt":"2025-07-15T09:17:36","slug":"keve-folk-dance-ensemble","status":"publish","type":"page","link":"https:\/\/mestersegekunnepe.hu\/english\/keve-folk-dance-ensemble\/","title":{"rendered":"Joint Folk Dance Performance by K\u00e9ve Folk Dance Ensemble and T\u00f6k\u00f6l South Slavic Folk Dance Group"},"content":{"rendered":"<p style=\"text-align: justify;\">The K\u00e9ve Folk Dance Ensemble, established in 1983, was founded to explore and present the dances and traditions of the Hungarian-speaking regions. Through their choreographies, they aim to popularize the rich Hungarian dance heritage. Their unique name, \u201cK\u00e9ve,\u201d was inspired by the supporting Aranykal\u00e1sz Agricultural Cooperative, the wheat sheaf, and the suffix of the town name R\u00e1ckeve. Artistic director: G\u00e1bor Budai, choreographer: P\u00e1l Kakuk.<\/p>\n<p style=\"text-align: justify;\">The T\u00f6k\u00f6l South Slavic Ethnic Ensemble was founded in 1967 with the primary goal of collecting, processing, and staging the folk culture, dances, and music of South Slavs (Croats, Serbs, Slovenes) living in Hungary. The group consists of a dance troupe and a male choir, totalling about 120 members including youth groups. Dance leader: P\u00e1l Kakuk, musical and artistic director: L\u00e1szl\u00f3 Hal\u00e1sz. Accompaniment by the KOLO Ensemble.<\/p>\n<p>&nbsp;<\/p>\n","protected":false},"excerpt":{"rendered":"<p>The K\u00e9ve Folk Dance Ensemble, established in 1983, was founded to explore and present the dances and traditions of the Hungarian-speaking regions. Through their choreographies, they aim to popularize the rich Hungarian dance heritage. Their unique name, \u201cK\u00e9ve,\u201d was inspired by the supporting Aranykal\u00e1sz Agricultural Cooperative, the wheat sheaf, and the suffix of the town&hellip;<\/p>\n","protected":false},"author":3,"featured_media":0,"parent":0,"menu_order":0,"comment_status":"closed","ping_status":"closed","template":"","meta":{"ngg_post_thumbnail":0,"footnotes":""},"class_list":["post-5313","page","type-page","status-publish","hentry","description-off"],"aioseo_notices":[],"_links":{"self":[{"href":"https:\/\/mestersegekunnepe.hu\/english\/wp-json\/wp\/v2\/pages\/5313","targetHints":{"allow":["GET"]}}],"collection":[{"href":"https:\/\/mestersegekunnepe.hu\/english\/wp-json\/wp\/v2\/pages"}],"about":[{"href":"https:\/\/mestersegekunnepe.hu\/english\/wp-json\/wp\/v2\/types\/page"}],"author":[{"embeddable":true,"href":"https:\/\/mestersegekunnepe.hu\/english\/wp-json\/wp\/v2\/users\/3"}],"replies":[{"embeddable":true,"href":"https:\/\/mestersegekunnepe.hu\/english\/wp-json\/wp\/v2\/comments?post=5313"}],"version-history":[{"count":1,"href":"https:\/\/mestersegekunnepe.hu\/english\/wp-json\/wp\/v2\/pages\/5313\/revisions"}],"predecessor-version":[{"id":5314,"href":"https:\/\/mestersegekunnepe.hu\/english\/wp-json\/wp\/v2\/pages\/5313\/revisions\/5314"}],"wp:attachment":[{"href":"https:\/\/mestersegekunnepe.hu\/english\/wp-json\/wp\/v2\/media?parent=5313"}],"curies":[{"name":"wp","href":"https:\/\/api.w.org\/{rel}","templated":true}]}}