{"id":5317,"date":"2025-07-15T11:24:42","date_gmt":"2025-07-15T09:24:42","guid":{"rendered":"https:\/\/mestersegekunnepe.hu\/english\/?page_id=5317"},"modified":"2025-07-17T18:06:50","modified_gmt":"2025-07-17T16:06:50","slug":"alba-regia-dance-ensemble","status":"publish","type":"page","link":"https:\/\/mestersegekunnepe.hu\/english\/alba-regia-dance-ensemble\/","title":{"rendered":"Gala Performance by Alba Regia Dance Ensemble"},"content":{"rendered":"<p style=\"text-align: justify;\">On Sunday, August 17, 2025, at 6:00 PM, the Alba Regia Dance Ensemble invites its audience on a special journey. The evening performance, titled <em>\u201cIn the Month of Promise\u2026\u201d<\/em>, will feature award-winning pieces, debut choreographies, fifty dancers, and live music.<br \/>\nAccompanied by: Galiba folk band<br \/>\nArtistic Director: R\u00f3bert Majoros<br \/>\nArtistic Collaborators: G\u00e1bor Moln\u00e1r, Veronika Majorosn\u00e9 Szab\u00f3, Bea Tombor<br \/>\nAlso featuring: Talent Development Group of the Alba Regia Art School<br \/>\nGroup Leaders: Veronika Majorosn\u00e9 Szab\u00f3, R\u00f3bert Majoros<br \/>\nDirector: R\u00f3bert Majoros<\/p>\n<p><a href=\"https:\/\/mestersegekunnepe.hu\/english\/wp-content\/uploads\/2025\/07\/AlbaRegiaTancegyuttes.jpg\" class=\"dt-pswp-item\"  data-dt-img-description=\"\" data-large_image_width=\"1400\" data-large_image_height=\"933\"><img loading=\"lazy\" decoding=\"async\" class=\"aligncenter  wp-image-5401\" src=\"https:\/\/mestersegekunnepe.hu\/english\/wp-content\/uploads\/2025\/07\/AlbaRegiaTancegyuttes-300x200.jpg\" alt=\"\" width=\"569\" height=\"379\" srcset=\"https:\/\/mestersegekunnepe.hu\/english\/wp-content\/uploads\/2025\/07\/AlbaRegiaTancegyuttes-300x200.jpg 300w, https:\/\/mestersegekunnepe.hu\/english\/wp-content\/uploads\/2025\/07\/AlbaRegiaTancegyuttes-1024x682.jpg 1024w, https:\/\/mestersegekunnepe.hu\/english\/wp-content\/uploads\/2025\/07\/AlbaRegiaTancegyuttes-768x512.jpg 768w, https:\/\/mestersegekunnepe.hu\/english\/wp-content\/uploads\/2025\/07\/AlbaRegiaTancegyuttes.jpg 1400w\" sizes=\"auto, (max-width: 569px) 100vw, 569px\" \/><\/a><\/p>\n<p>&nbsp;<\/p>\n<p style=\"text-align: justify;\">The Alba Regia Folk Dance Association (ARTE) was founded in 1994 in Sz\u00e9kesfeh\u00e9rv\u00e1r with the goal of building on the city\u2019s more than 70-year-old folk dance tradition to establish an independent, community-based workshop that not only preserves but revitalizes Hungarian folk culture. Today, ARTE is one of the most diverse folk art institutions in Hungary, operating as a public benefit organization at the Sz\u00e9kesfeh\u00e9rv\u00e1r Dance House.<\/p>\n<p style=\"text-align: justify;\">Our primary mission is to nurture, transmit, and creatively reinterpret Hungarian folk dance, music, and folk art in a broader sense. We don\u2019t merely archive traditions \u2013 we teach them, bring them into communities, and adapt them to contemporary contexts to make them relevant and engaging. Our activities include running a dance ensemble, organizing training sessions and folk dance houses, thematic handicraft workshops, cultural events, professional consulting, publishing, and digitizing collected folk music and dance materials.<\/p>\n<p style=\"text-align: justify;\">We work in close cooperation with local, county, national, and international partners. As a methodological partner of the Hungarian Heritage House, we take part in professional activities of the national folk art network. We are members of several domestic and international folklore organizations (e.g., CIOFF, FIDAF, \u00d6r\u00f6ks\u00e9g Association). We maintain professional ties with other dance ensembles, folk bands, civil organizations, and educational institutions in the region. Our programs are designed to flexibly respond to community needs, with special attention to youth engagement, career guidance, and reaching disadvantaged groups.<\/p>\n<p style=\"text-align: justify;\">ARTE\u2019s largest event is the Royal Days International Folk Dance Festival, which has attracted tens of thousands of visitors to Sz\u00e9kesfeh\u00e9rv\u00e1r annually since 1996. The festival hosts prestigious dance groups from five continents and not only preserves traditions but fosters intercultural dialogue as well.<\/p>\n<p style=\"text-align: justify;\">As a civil organization, we also fulfill important social roles in the field of public culture. Our community-building mission goes beyond the arts: people don\u2019t just come here to dance \u2013 they come to belong. ARTE is a living, active community where generations create, learn, and experience together. We believe culture must be able to adapt to changing social needs while remaining value-based. That is why we strive to offer programs that engage younger generations while ensuring the transmission of traditional knowledge to older audiences and families.<\/p>\n<p style=\"text-align: justify;\">Today, ARTE has become a kind of local cultural brand \u2013 a name that stands for quality, authenticity, and community values. We are part of the lives of multiple generations of families: many started with us, now bring their children, and we believe that this tradition \u2013 like dance itself \u2013 lives on in a circle.<\/p>\n<p>&nbsp;<\/p>\n","protected":false},"excerpt":{"rendered":"<p>On Sunday, August 17, 2025, at 6:00 PM, the Alba Regia Dance Ensemble invites its audience on a special journey. The evening performance, titled \u201cIn the Month of Promise\u2026\u201d, will feature award-winning pieces, debut choreographies, fifty dancers, and live music. Accompanied by: Galiba folk band Artistic Director: R\u00f3bert Majoros Artistic Collaborators: G\u00e1bor Moln\u00e1r, Veronika Majorosn\u00e9&hellip;<\/p>\n","protected":false},"author":3,"featured_media":0,"parent":0,"menu_order":0,"comment_status":"closed","ping_status":"closed","template":"","meta":{"ngg_post_thumbnail":0,"footnotes":""},"class_list":["post-5317","page","type-page","status-publish","hentry","description-off"],"aioseo_notices":[],"_links":{"self":[{"href":"https:\/\/mestersegekunnepe.hu\/english\/wp-json\/wp\/v2\/pages\/5317","targetHints":{"allow":["GET"]}}],"collection":[{"href":"https:\/\/mestersegekunnepe.hu\/english\/wp-json\/wp\/v2\/pages"}],"about":[{"href":"https:\/\/mestersegekunnepe.hu\/english\/wp-json\/wp\/v2\/types\/page"}],"author":[{"embeddable":true,"href":"https:\/\/mestersegekunnepe.hu\/english\/wp-json\/wp\/v2\/users\/3"}],"replies":[{"embeddable":true,"href":"https:\/\/mestersegekunnepe.hu\/english\/wp-json\/wp\/v2\/comments?post=5317"}],"version-history":[{"count":3,"href":"https:\/\/mestersegekunnepe.hu\/english\/wp-json\/wp\/v2\/pages\/5317\/revisions"}],"predecessor-version":[{"id":5402,"href":"https:\/\/mestersegekunnepe.hu\/english\/wp-json\/wp\/v2\/pages\/5317\/revisions\/5402"}],"wp:attachment":[{"href":"https:\/\/mestersegekunnepe.hu\/english\/wp-json\/wp\/v2\/media?parent=5317"}],"curies":[{"name":"wp","href":"https:\/\/api.w.org\/{rel}","templated":true}]}}