{"id":5357,"date":"2025-07-15T12:27:32","date_gmt":"2025-07-15T10:27:32","guid":{"rendered":"https:\/\/mestersegekunnepe.hu\/english\/?page_id=5357"},"modified":"2025-07-15T12:27:32","modified_gmt":"2025-07-15T10:27:32","slug":"romengo-monika-lakatos","status":"publish","type":"page","link":"https:\/\/mestersegekunnepe.hu\/english\/romengo-monika-lakatos\/","title":{"rendered":"Romengo &#038; M\u00f3nika Lakatos"},"content":{"rendered":"<p style=\"text-align: justify;\"><a href=\"https:\/\/mestersegekunnepe.hu\/english\/wp-content\/uploads\/2025\/07\/Romengo_2.jpg\" class=\"dt-pswp-item\"  data-dt-img-description=\"\" data-large_image_width=\"1200\" data-large_image_height=\"800\"><img loading=\"lazy\" decoding=\"async\" class=\"alignright  wp-image-5359\" src=\"https:\/\/mestersegekunnepe.hu\/english\/wp-content\/uploads\/2025\/07\/Romengo_2-300x200.jpg\" alt=\"\" width=\"380\" height=\"253\" srcset=\"https:\/\/mestersegekunnepe.hu\/english\/wp-content\/uploads\/2025\/07\/Romengo_2-300x200.jpg 300w, https:\/\/mestersegekunnepe.hu\/english\/wp-content\/uploads\/2025\/07\/Romengo_2-1024x683.jpg 1024w, https:\/\/mestersegekunnepe.hu\/english\/wp-content\/uploads\/2025\/07\/Romengo_2-768x512.jpg 768w, https:\/\/mestersegekunnepe.hu\/english\/wp-content\/uploads\/2025\/07\/Romengo_2.jpg 1200w\" sizes=\"auto, (max-width: 380px) 100vw, 380px\" \/><\/a>Founded in 2004, Romengo has performed on four continents in more than 30 countries, representing Hungarian Ol\u00e1h-Romani musical culture at prestigious world music festivals and concert halls. All three of their albums (K\u00e9th\u00e1n\u00e9, Nagyecsed-Budapest, Folk Street) topped the World Music Charts Europe. Their mission is to showcase the power of cooperation between gipsy and non-gipsy people through music. They are proud of both their Hungarian and Romani heritage and feel a responsibility to preserve the Ol\u00e1h-Gipsy culture as part of the nation. The band&#8217;s shining jewel is the wonderful voice of M\u00f3nika Lakatos, Kossuth Prize and Womex Lifetime Achievement Award winner.<\/p>\n<p style=\"text-align: justify;\"><a href=\"https:\/\/mestersegekunnepe.hu\/english\/wp-content\/uploads\/2025\/07\/Romengo_1.jpg\" class=\"dt-pswp-item\"  data-dt-img-description=\"\" data-large_image_width=\"840\" data-large_image_height=\"505\"><img loading=\"lazy\" decoding=\"async\" class=\"alignleft  wp-image-5358\" src=\"https:\/\/mestersegekunnepe.hu\/english\/wp-content\/uploads\/2025\/07\/Romengo_1-300x180.jpg\" alt=\"\" width=\"380\" height=\"228\" srcset=\"https:\/\/mestersegekunnepe.hu\/english\/wp-content\/uploads\/2025\/07\/Romengo_1-300x180.jpg 300w, https:\/\/mestersegekunnepe.hu\/english\/wp-content\/uploads\/2025\/07\/Romengo_1-768x462.jpg 768w, https:\/\/mestersegekunnepe.hu\/english\/wp-content\/uploads\/2025\/07\/Romengo_1.jpg 840w\" sizes=\"auto, (max-width: 380px) 100vw, 380px\" \/><\/a>Band members:<br \/>\nM\u00f3nika Lakatos \u2013 vocals, backing vocals<br \/>\nMih\u00e1ly \u201cMazsi\u201d Rost\u00e1s \u2013 guitar, vocals, backing vocals, tambura, jaw harp<br \/>\nJ\u00e1nos \u201cGuszti\u201d Lakatos \u2013 kanna (jug), jaw harp, vocals<br \/>\nTibor Balogh \u2013 washboard, spoons, percussion instruments, jaw harp, vocals<br \/>\nMih\u00e1ly Rosonczy-Kov\u00e1cs \u2013 violin, vocals<br \/>\nCsaba Nov\u00e1k \u2013 double bas<\/p>\n","protected":false},"excerpt":{"rendered":"<p>Founded in 2004, Romengo has performed on four continents in more than 30 countries, representing Hungarian Ol\u00e1h-Romani musical culture at prestigious world music festivals and concert halls. All three of their albums (K\u00e9th\u00e1n\u00e9, Nagyecsed-Budapest, Folk Street) topped the World Music Charts Europe. Their mission is to showcase the power of cooperation between gipsy and non-gipsy&hellip;<\/p>\n","protected":false},"author":3,"featured_media":0,"parent":0,"menu_order":0,"comment_status":"closed","ping_status":"closed","template":"","meta":{"ngg_post_thumbnail":0,"footnotes":""},"class_list":["post-5357","page","type-page","status-publish","hentry","description-off"],"aioseo_notices":[],"_links":{"self":[{"href":"https:\/\/mestersegekunnepe.hu\/english\/wp-json\/wp\/v2\/pages\/5357","targetHints":{"allow":["GET"]}}],"collection":[{"href":"https:\/\/mestersegekunnepe.hu\/english\/wp-json\/wp\/v2\/pages"}],"about":[{"href":"https:\/\/mestersegekunnepe.hu\/english\/wp-json\/wp\/v2\/types\/page"}],"author":[{"embeddable":true,"href":"https:\/\/mestersegekunnepe.hu\/english\/wp-json\/wp\/v2\/users\/3"}],"replies":[{"embeddable":true,"href":"https:\/\/mestersegekunnepe.hu\/english\/wp-json\/wp\/v2\/comments?post=5357"}],"version-history":[{"count":3,"href":"https:\/\/mestersegekunnepe.hu\/english\/wp-json\/wp\/v2\/pages\/5357\/revisions"}],"predecessor-version":[{"id":5364,"href":"https:\/\/mestersegekunnepe.hu\/english\/wp-json\/wp\/v2\/pages\/5357\/revisions\/5364"}],"wp:attachment":[{"href":"https:\/\/mestersegekunnepe.hu\/english\/wp-json\/wp\/v2\/media?parent=5357"}],"curies":[{"name":"wp","href":"https:\/\/api.w.org\/{rel}","templated":true}]}}